{"id":209,"date":"2014-04-28T15:59:49","date_gmt":"2014-04-28T15:59:49","guid":{"rendered":"http:\/\/web.pixmenta.net\/comfort\/?page_id=209"},"modified":"2025-04-10T00:43:16","modified_gmt":"2025-04-10T00:43:16","slug":"home","status":"publish","type":"page","link":"https:\/\/comforthostel.com\/es\/","title":{"rendered":"Home"},"content":{"rendered":"<p>Un nuevo concepto de Hostales en Guatemala, Con calificaci\u00f3n alta en TripAdvisor.<\/p>\n<p>Localizados en el hermoso pa\u00eds de Guatemala en una zona exclusiva de la ciudad rodeada de los mejores restaurantes y centros comerciales.<\/p>\n<p>A tan solo 10 minutos de museos importantes y del aeropuerto, lo hace un lugar perfecto para descansar.<\/p>\n<h3>Instalaciones<\/h3>\n<p>Nuestras instalaciones tienen WiFi Gratis y desayuno incluido, Televisi\u00f3n en cada habitaci\u00f3n y ba\u00f1os privados.<\/p>\n<p>Cuartos sencillos, dobles y triples disponibles.<\/p>\n<p><a href=\"http:\/\/comforthostel.com\/facilities\/\">Reserve en l\u00ednea ahora<\/a>\u00a0o escr\u00edbanos si tiene alguna duda.<\/p>\n<p>Adem\u00e1s no se olvide de \u00a0<a href=\"https:\/\/www.tripadvisor.com\/Hotel_Review-g292006-d1068725-Reviews-Comfort_Hostel-Guatemala_City_Guatemala_Department.html\">revisar nuestra alta califiacaci\u00f3n en Tripadvisor<\/a>.<\/p>\n","protected":false},"excerpt":{"rendered":"<p>Un nuevo concepto de Hostales en Guatemala, Con calificaci\u00f3n alta en TripAdvisor. Localizados en el hermoso pa\u00eds de Guatemala en una zona exclusiva de la ciudad rodeada de los mejores restaurantes y centros comerciales. A tan solo 10 minutos de &hellip; <a href=\"https:\/\/comforthostel.com\/es\/\">Continued<\/a><\/p>\n","protected":false},"author":1,"featured_media":0,"parent":0,"menu_order":-1,"comment_status":"open","ping_status":"open","template":"","meta":{"_acf_changed":false,"footnotes":""},"class_list":["post-209","page","type-page","status-publish","hentry"],"acf":[],"_links":{"self":[{"href":"https:\/\/comforthostel.com\/es\/wp-json\/wp\/v2\/pages\/209","targetHints":{"allow":["GET"]}}],"collection":[{"href":"https:\/\/comforthostel.com\/es\/wp-json\/wp\/v2\/pages"}],"about":[{"href":"https:\/\/comforthostel.com\/es\/wp-json\/wp\/v2\/types\/page"}],"author":[{"embeddable":true,"href":"https:\/\/comforthostel.com\/es\/wp-json\/wp\/v2\/users\/1"}],"replies":[{"embeddable":true,"href":"https:\/\/comforthostel.com\/es\/wp-json\/wp\/v2\/comments?post=209"}],"version-history":[{"count":5,"href":"https:\/\/comforthostel.com\/es\/wp-json\/wp\/v2\/pages\/209\/revisions"}],"predecessor-version":[{"id":1390,"href":"https:\/\/comforthostel.com\/es\/wp-json\/wp\/v2\/pages\/209\/revisions\/1390"}],"wp:attachment":[{"href":"https:\/\/comforthostel.com\/es\/wp-json\/wp\/v2\/media?parent=209"}],"curies":[{"name":"wp","href":"https:\/\/api.w.org\/{rel}","templated":true}]}}