{"id":216,"date":"2014-04-28T16:49:46","date_gmt":"2014-04-28T16:49:46","guid":{"rendered":"http:\/\/web.pixmenta.net\/comfort\/?page_id=216"},"modified":"2025-11-02T05:24:10","modified_gmt":"2025-11-02T05:24:10","slug":"habitacion-doble","status":"publish","type":"page","link":"https:\/\/comforthostel.com\/es\/habitaciones\/habitacion-doble\/","title":{"rendered":"Habitaci\u00f3n Doble"},"content":{"rendered":"<p>Amplia, luminosa y tranquila. Perfecta elecci\u00f3n para aquellos que viajan en compa\u00f1\u00eda.<br \/>\nLa habitaci\u00f3n doble esta compuesta por dos camas separadas o una cama matrimonial, como el hu\u00e9sped lo prefiera.<\/p>\n<p>Esta habitaci\u00f3n, como todas nuestras habitaciones, cuenta tambi\u00e9n con wifii, televisi\u00f3n con cable, cajilla de seguridad, servicio despertador y ba\u00f1o privado. Y para garantizar su descanso, las camas son doble pillow top.<\/p>\n<ul>\n<li>Todas las camas son camas doble pillow.<\/li>\n<li>Todas las habitaciones tienen cajilla de seguridad.<\/li>\n<li>Ba\u00f1o privado en todas las habitaciones con agua caliente.<\/li>\n<li>Tel\u00e9fono.<\/li>\n<li>T.V. con Cable.<\/li>\n<li>Radio despertador.<\/li>\n<li>Juego de toallas.<\/li>\n<li>Jab\u00f3n (Incluido en tarifa)<\/li>\n<li>Shampoo (Incluido en tarifa)<\/li>\n<li>Internet\u00a0 (Incluido en tarifa)<\/li>\n<li>Canasta de snack. (Pago adicional)<\/li>\n<li>Ventilador en todas las habitaciones<\/li>\n<li>Mesa adicional para trabajo (se puede solicitar en recepci\u00f3n sin ning\u00fan recargo)<\/li>\n<\/ul>\n<p><strong>Para m\u00e1s informaci\u00f3n sobre nuestras tarifas puedes comunicarte al:<\/strong><br \/>\n<strong>Tel: (502) 2219 3131<\/strong><br \/>\n<strong>Whatsapp (502) 3017 6368<\/strong><\/p>\n<p>Todas nuestras tarifas incluyen desayuno, WiFi y espacio de parqueo con previo aviso<\/p>\n","protected":false},"excerpt":{"rendered":"<p>Amplia, luminosa y tranquila. Perfecta elecci\u00f3n para aquellos que viajan en compa\u00f1\u00eda. La habitaci\u00f3n doble esta compuesta por dos camas separadas o una cama matrimonial, como el hu\u00e9sped lo prefiera. Esta habitaci\u00f3n, como todas nuestras habitaciones, cuenta tambi\u00e9n con wifii, &hellip; <a href=\"https:\/\/comforthostel.com\/es\/habitaciones\/habitacion-doble\/\">Continued<\/a><\/p>\n","protected":false},"author":1,"featured_media":632,"parent":214,"menu_order":2,"comment_status":"open","ping_status":"closed","template":"template-rooms.php","meta":{"_acf_changed":false,"footnotes":""},"class_list":["post-216","page","type-page","status-publish","has-post-thumbnail","hentry"],"acf":[],"_links":{"self":[{"href":"https:\/\/comforthostel.com\/es\/wp-json\/wp\/v2\/pages\/216","targetHints":{"allow":["GET"]}}],"collection":[{"href":"https:\/\/comforthostel.com\/es\/wp-json\/wp\/v2\/pages"}],"about":[{"href":"https:\/\/comforthostel.com\/es\/wp-json\/wp\/v2\/types\/page"}],"author":[{"embeddable":true,"href":"https:\/\/comforthostel.com\/es\/wp-json\/wp\/v2\/users\/1"}],"replies":[{"embeddable":true,"href":"https:\/\/comforthostel.com\/es\/wp-json\/wp\/v2\/comments?post=216"}],"version-history":[{"count":23,"href":"https:\/\/comforthostel.com\/es\/wp-json\/wp\/v2\/pages\/216\/revisions"}],"predecessor-version":[{"id":1400,"href":"https:\/\/comforthostel.com\/es\/wp-json\/wp\/v2\/pages\/216\/revisions\/1400"}],"up":[{"embeddable":true,"href":"https:\/\/comforthostel.com\/es\/wp-json\/wp\/v2\/pages\/214"}],"wp:featuredmedia":[{"embeddable":true,"href":"https:\/\/comforthostel.com\/es\/wp-json\/wp\/v2\/media\/632"}],"wp:attachment":[{"href":"https:\/\/comforthostel.com\/es\/wp-json\/wp\/v2\/media?parent=216"}],"curies":[{"name":"wp","href":"https:\/\/api.w.org\/{rel}","templated":true}]}}