{"id":222,"date":"2014-04-28T16:55:02","date_gmt":"2014-04-28T16:55:02","guid":{"rendered":"http:\/\/web.pixmenta.net\/comfort\/?page_id=222"},"modified":"2025-11-02T05:24:35","modified_gmt":"2025-11-02T05:24:35","slug":"habitacion-triple","status":"publish","type":"page","link":"https:\/\/comforthostel.com\/es\/habitaciones\/habitacion-triple\/","title":{"rendered":"Habitaci\u00f3n Triple"},"content":{"rendered":"<p>Si viajas con familia, amigos o compa\u00f1eros de trabajo, esta debe ser tu elecci\u00f3n.<\/p>\n<p>Una habitaci\u00f3n amplia con tres camas imperiales\u00a0 o una semimatrimonial y dos imperiales.<\/p>\n<p>Cuenta tambi\u00e9n con servicio wifi, televisi\u00f3n con cable, cajilla de seguridad, servicio despertador y ba\u00f1o privado.\u00a0 Despu\u00e9s de un largo dia, descansar en camas c\u00f3modas doble pillow top y tener un sue\u00f1o reparador.<\/p>\n<ul>\n<li>Todas las camas son doble pillow.<\/li>\n<li>Todas las habitaciones tienen cajilla de seguridad.<\/li>\n<li>Ba\u00f1o privado en todas las habitaciones con agua caliente.<\/li>\n<li>Tel\u00e9fono.<\/li>\n<li>T.V. con Cable.<\/li>\n<li>Radio despertador.<\/li>\n<li>Juego de toallas.<\/li>\n<li>Jab\u00f3n (Incluido en tarifa)<\/li>\n<li>Shampoo (Incluido en tarifa)<\/li>\n<li>Internet\u00a0 (Incluido en tarifa)<\/li>\n<li>Canasta de snack. (Pago adicional)<\/li>\n<li>Ventilador en todas las habitaciones<\/li>\n<li>Mesa adicional para trabajo (se puede solicitar en recepci\u00f3n sin ning\u00fan recargo)<\/li>\n<\/ul>\n<p><strong>Para m\u00e1s informaci\u00f3n sobre nuestras tarifas puedes comunicarte al:<\/strong><br \/>\n<strong>Tel: (502) 2219 3131<\/strong><br \/>\n<strong>Whatsapp (502) 3017 6368<\/strong><\/p>\n<p>Todas nuestras tarifas incluyen desayuno, WiFi y espacio de parqueo con previo aviso<\/p>\n","protected":false},"excerpt":{"rendered":"<p>Si viajas con familia, amigos o compa\u00f1eros de trabajo, esta debe ser tu elecci\u00f3n. Una habitaci\u00f3n amplia con tres camas imperiales\u00a0 o una semimatrimonial y dos imperiales. Cuenta tambi\u00e9n con servicio wifi, televisi\u00f3n con cable, cajilla de seguridad, servicio despertador &hellip; <a href=\"https:\/\/comforthostel.com\/es\/habitaciones\/habitacion-triple\/\">Continued<\/a><\/p>\n","protected":false},"author":1,"featured_media":638,"parent":214,"menu_order":3,"comment_status":"open","ping_status":"closed","template":"template-rooms.php","meta":{"_acf_changed":false,"footnotes":""},"class_list":["post-222","page","type-page","status-publish","has-post-thumbnail","hentry"],"acf":[],"_links":{"self":[{"href":"https:\/\/comforthostel.com\/es\/wp-json\/wp\/v2\/pages\/222","targetHints":{"allow":["GET"]}}],"collection":[{"href":"https:\/\/comforthostel.com\/es\/wp-json\/wp\/v2\/pages"}],"about":[{"href":"https:\/\/comforthostel.com\/es\/wp-json\/wp\/v2\/types\/page"}],"author":[{"embeddable":true,"href":"https:\/\/comforthostel.com\/es\/wp-json\/wp\/v2\/users\/1"}],"replies":[{"embeddable":true,"href":"https:\/\/comforthostel.com\/es\/wp-json\/wp\/v2\/comments?post=222"}],"version-history":[{"count":21,"href":"https:\/\/comforthostel.com\/es\/wp-json\/wp\/v2\/pages\/222\/revisions"}],"predecessor-version":[{"id":1401,"href":"https:\/\/comforthostel.com\/es\/wp-json\/wp\/v2\/pages\/222\/revisions\/1401"}],"up":[{"embeddable":true,"href":"https:\/\/comforthostel.com\/es\/wp-json\/wp\/v2\/pages\/214"}],"wp:featuredmedia":[{"embeddable":true,"href":"https:\/\/comforthostel.com\/es\/wp-json\/wp\/v2\/media\/638"}],"wp:attachment":[{"href":"https:\/\/comforthostel.com\/es\/wp-json\/wp\/v2\/media?parent=222"}],"curies":[{"name":"wp","href":"https:\/\/api.w.org\/{rel}","templated":true}]}}