{"id":225,"date":"2014-04-28T17:02:07","date_gmt":"2014-04-28T17:02:07","guid":{"rendered":"http:\/\/web.pixmenta.net\/comfort\/?page_id=225"},"modified":"2025-04-10T00:46:12","modified_gmt":"2025-04-10T00:46:12","slug":"ubicacion","status":"publish","type":"page","link":"https:\/\/comforthostel.com\/es\/ubicacion\/","title":{"rendered":"Ubicaci\u00f3n"},"content":{"rendered":"<p>Localizados en el hermoso pa\u00eds de Guatemala en una zona exclusiva de la ciudad rodeada de los mejores restaurantes y centros comerciales.<\/p>\n<p>A tan solo 10 minutos encontramos los Museos de Ixchel, Arqueologia, Antropologia, Museo del Ni\u00f1o, el Zoologico y\u00a0 El Aeropuerto La Aurora.<\/p>\n<p>Ademas estamos muy cerca de Oakland Mall, Pradera, Arkadia, y Plaza Fontabella.\u00a0 Las Embajadas mas cercanas a Comfort Hostel estan\u00a0 las de M\u00e9xico, Canad\u00e1, Israel, B\u00e9lgica, Nicaragua e India y Consulado de Haiti.<\/p>\n<p>Para m\u00e1s informaci\u00f3n o detalles de pre-llegada, no dude en <a href=\"http:\/\/comforthostel.com\/es\/contactenos\/\">contactarnos<\/a>.<\/p>\n<p>Tel: (502) 2219 3131<\/p>\n<p>WhatsApp: +502 3017 6368<\/p>\n","protected":false},"excerpt":{"rendered":"<p>Localizados en el hermoso pa\u00eds de Guatemala en una zona exclusiva de la ciudad rodeada de los mejores restaurantes y centros comerciales. A tan solo 10 minutos encontramos los Museos de Ixchel, Arqueologia, Antropologia, Museo del Ni\u00f1o, el Zoologico y\u00a0 &hellip; <a href=\"https:\/\/comforthostel.com\/es\/ubicacion\/\">Continued<\/a><\/p>\n","protected":false},"author":1,"featured_media":164,"parent":0,"menu_order":0,"comment_status":"open","ping_status":"open","template":"","meta":{"_acf_changed":false,"footnotes":""},"class_list":["post-225","page","type-page","status-publish","has-post-thumbnail","hentry"],"acf":[],"_links":{"self":[{"href":"https:\/\/comforthostel.com\/es\/wp-json\/wp\/v2\/pages\/225","targetHints":{"allow":["GET"]}}],"collection":[{"href":"https:\/\/comforthostel.com\/es\/wp-json\/wp\/v2\/pages"}],"about":[{"href":"https:\/\/comforthostel.com\/es\/wp-json\/wp\/v2\/types\/page"}],"author":[{"embeddable":true,"href":"https:\/\/comforthostel.com\/es\/wp-json\/wp\/v2\/users\/1"}],"replies":[{"embeddable":true,"href":"https:\/\/comforthostel.com\/es\/wp-json\/wp\/v2\/comments?post=225"}],"version-history":[{"count":6,"href":"https:\/\/comforthostel.com\/es\/wp-json\/wp\/v2\/pages\/225\/revisions"}],"predecessor-version":[{"id":1392,"href":"https:\/\/comforthostel.com\/es\/wp-json\/wp\/v2\/pages\/225\/revisions\/1392"}],"wp:featuredmedia":[{"embeddable":true,"href":"https:\/\/comforthostel.com\/es\/wp-json\/wp\/v2\/media\/164"}],"wp:attachment":[{"href":"https:\/\/comforthostel.com\/es\/wp-json\/wp\/v2\/media?parent=225"}],"curies":[{"name":"wp","href":"https:\/\/api.w.org\/{rel}","templated":true}]}}