{"id":230,"date":"2014-04-28T17:06:01","date_gmt":"2014-04-28T17:06:01","guid":{"rendered":"http:\/\/web.pixmenta.net\/comfort\/?page_id=230"},"modified":"2018-08-24T23:42:23","modified_gmt":"2018-08-24T23:42:23","slug":"que-hacer","status":"publish","type":"page","link":"https:\/\/comforthostel.com\/es\/ubicacion\/que-hacer\/","title":{"rendered":"\u00bfQu\u00e9 hacer?"},"content":{"rendered":"<p><strong>Museo Ixchel del Traje Indigena<\/strong>:<br \/>\n6 Calle Final Zona 10 | Francisco Marroquin University, Ciudad de Guatemala 01010, Guatemala. El Museo Ixchel del Traje Ind\u00edgena es un tributo permanente a una tradici\u00f3n que se origin\u00f3 hace m\u00e1s de tres milenios y a pesar del acelerado proceso de cambio que ha sufrido en d\u00e9cadas recientes a\u00fan vive.<\/p>\n<p><strong>Museo Nacional de Arqueolog\u00eda y Etnolog\u00eda:<\/strong><br \/>\n6a. calle 7a. Avenida, Sal\u00f3n No.5 Finca La Aurora Zona 13 Guatemala City, Guatemala El Museo Nacional de Arqueolog\u00eda y Etnolog\u00eda (MUNAE) es una instituci\u00f3n guatemalteca encargada de la conservaci\u00f3n y exhibici\u00f3n de vestigios y artefactos arqueol\u00f3gicos y<br \/>\netnol\u00f3gicos, pertenecientes al patrimonio cultural e hist\u00f3rico de Guatemala.<\/p>\n<p><strong>Zool\u00f3gico La Aurora:<\/strong><br \/>\n5 calle interior finca La Aurora zona 13. Actualmente cuentan con 16 manzanas de terreno bellamente jardinizado, lo que hace de nuestro zool\u00f3gico uno de los m\u00e1s grandes pulmones de la ciudad de Guatemala.<\/p>\n<p><strong>Zona Viva:<\/strong><br \/>\nSe encuentran los m\u00e1s exclusivos hoteles, clubs nocturnos, caf\u00e9s, bares, discotecas, restaurantes y boutiques ya que se est\u00e1 constitu\u00eddo en el centro de diversiones m\u00e1s concurrido de la ciudad.<\/p>\n<p><strong>Oakland Mall:<\/strong><br \/>\nDiagonal 6, 13-01 zona 10, 01010 &#8211; Guatemala, Guatemala. Es el segundo centro comercial m\u00e1s grande de Guatemala. Oakland Mall, es moderno en su dise\u00f1o y arquitectura, tiene luz natural, \u00e1reas verdes, sonidos naturales, curvas arquitect\u00f3nicas, fuente interactiva, estructuras recubiertas con aluminio r\u00fastico con vidrio, rotondas de fino acabado y tecnolog\u00eda aplicada. Todo esto y m\u00e1s hacen de Oakland Mall un lugar interesante para visitar y compartir con toda la familia momentos inolvidables.<\/p>\n<p><strong>Plaza Fontabella:<\/strong><br \/>\nEn Plaza Fontabella podr\u00e1 aprovechar el tiempo olvid\u00e1ndose del tr\u00e1fico, gozando de la libertad peatonal, admirando obras de arte, realizando compras o degustando desde un gelato hasta una cena de alta cocina; aqu\u00ed podr\u00e1 pasear por las calles empedradas estilo colonial, disfrutando del sonido del agua provocado por las las majestuosas fuentes que le har\u00e1n recordar las plazas abiertas de la Europa de anta\u00f1o.<\/p>\n","protected":false},"excerpt":{"rendered":"<p>Museo Ixchel del Traje Indigena: 6 Calle Final Zona 10 | Francisco Marroquin University, Ciudad de Guatemala 01010, Guatemala. El Museo Ixchel del Traje Ind\u00edgena es un tributo permanente a una tradici\u00f3n que se origin\u00f3 hace m\u00e1s de tres milenios &hellip; <a href=\"https:\/\/comforthostel.com\/es\/ubicacion\/que-hacer\/\">Continued<\/a><\/p>\n","protected":false},"author":1,"featured_media":0,"parent":225,"menu_order":0,"comment_status":"open","ping_status":"open","template":"","meta":{"_acf_changed":false,"footnotes":""},"class_list":["post-230","page","type-page","status-publish","hentry"],"acf":[],"_links":{"self":[{"href":"https:\/\/comforthostel.com\/es\/wp-json\/wp\/v2\/pages\/230","targetHints":{"allow":["GET"]}}],"collection":[{"href":"https:\/\/comforthostel.com\/es\/wp-json\/wp\/v2\/pages"}],"about":[{"href":"https:\/\/comforthostel.com\/es\/wp-json\/wp\/v2\/types\/page"}],"author":[{"embeddable":true,"href":"https:\/\/comforthostel.com\/es\/wp-json\/wp\/v2\/users\/1"}],"replies":[{"embeddable":true,"href":"https:\/\/comforthostel.com\/es\/wp-json\/wp\/v2\/comments?post=230"}],"version-history":[{"count":6,"href":"https:\/\/comforthostel.com\/es\/wp-json\/wp\/v2\/pages\/230\/revisions"}],"predecessor-version":[{"id":913,"href":"https:\/\/comforthostel.com\/es\/wp-json\/wp\/v2\/pages\/230\/revisions\/913"}],"up":[{"embeddable":true,"href":"https:\/\/comforthostel.com\/es\/wp-json\/wp\/v2\/pages\/225"}],"wp:attachment":[{"href":"https:\/\/comforthostel.com\/es\/wp-json\/wp\/v2\/media?parent=230"}],"curies":[{"name":"wp","href":"https:\/\/api.w.org\/{rel}","templated":true}]}}