{"id":234,"date":"2014-04-28T17:08:50","date_gmt":"2014-04-28T17:08:50","guid":{"rendered":"http:\/\/web.pixmenta.net\/comfort\/?page_id=234"},"modified":"2014-05-09T21:36:33","modified_gmt":"2014-05-09T21:36:33","slug":"acerca-de-guatemala","status":"publish","type":"page","link":"https:\/\/comforthostel.com\/es\/ubicacion\/acerca-de-guatemala\/","title":{"rendered":"Acerca de Guatemala"},"content":{"rendered":"<p>Guatemala, es el Coraz\u00f3n del Mundo Maya. Viva, m\u00e1gica, m\u00edstica y ancestral. Su historia se remonta a cuatro mil a\u00f1os, cuando emergi\u00f3 la civilizaci\u00f3n maya, cuyo legado perdura hoy en d\u00eda con las tradiciones y cultura de su gente. Guatemala es un pa\u00eds de extraordinaria riqueza cultural y natural y con una ubicaci\u00f3n geogr\u00e1fica privilegiada. Las distancias de lugar a lugar son cortas, lo que permite visitar varias regiones en un mismo viaje. Es un pa\u00eds \u00fanico, de aventura, inolvidable, entre su pasado y presente, adem\u00e1s de la diversidad de actividades que ofrece al visitante. Conocido como el pa\u00eds de la eterna primavera, goza de un clima agradable que permite visitarlo en cualquier \u00e9poca del a\u00f1o. Adem\u00e1s, ofrece varias posibilidades de acceso desde cualquier parte del mundo, contando con<br \/>\ndos aeropuertos internacionales: La Aurora, situado en la ciudad capital; y Mundo Maya, ubicado en el departamento de Pet\u00e9n.<\/p>\n<p>El colorido de sus mercados de artesan\u00edas y de sus trajes regionales, la hospitalidad de su gente, la belleza de sus paisajes naturales que enmarcan volcanes, lagos, r\u00edos y monta\u00f1as, hacen que Guatemala quede grabada en el coraz\u00f3n de quienes la visitan. Su patrimonio natural, cultural e hist\u00f3rico puede descubrirse en cada rinc\u00f3n del pa\u00eds. Guatemala alberga la mayor cantidad de sitios arqueol\u00f3gicos de la cultura maya, rodeados de una impresionante flora y fauna, que los convierte en verdaderos pulmones de la humanidad. La magia y el misterio del Mundo Maya subsisten en ciudades milenarias como Tikal, Yaxh\u00e1, Aguateca, Mirador, Quirigu\u00e1 y Q\u2019uma\u2019rkaj entre otras.<\/p>\n<p>Guatemala es un pa\u00eds para visitantes con toda clase de expectativas tur\u00edsticas. Disfrutando de excepcionales tradiciones transmitidas oralmente de generaci\u00f3n en generaci\u00f3n. Destacan la danza, la m\u00fasica y el arte aut\u00f3ctono. La Semana Santa es una de las manifestaciones religioso-culturales de mayor relevancia, ya que en esta experiencia se evidencia profundamente el sincretismo religioso. El Palo Volador, la Carrera de Caballos en Todos Santos Cuchumat\u00e1n, los Barriletes de Santiago Sacatep\u00e9quez (cometas gigantes que se elevan al cielo con mensajes para los antepasados) el d\u00eda 1\u00ba. de noviembre y las Cofrad\u00edas, son algunas de las manifestaciones de esta riqueza de tradiciones.<\/p>\n","protected":false},"excerpt":{"rendered":"<p>Guatemala, es el Coraz\u00f3n del Mundo Maya. Viva, m\u00e1gica, m\u00edstica y ancestral. Su historia se remonta a cuatro mil a\u00f1os, cuando emergi\u00f3 la civilizaci\u00f3n maya, cuyo legado perdura hoy en d\u00eda con las tradiciones y cultura de su gente. Guatemala &hellip; <a href=\"https:\/\/comforthostel.com\/es\/ubicacion\/acerca-de-guatemala\/\">Continued<\/a><\/p>\n","protected":false},"author":1,"featured_media":0,"parent":225,"menu_order":0,"comment_status":"open","ping_status":"open","template":"","meta":{"_acf_changed":false,"footnotes":""},"class_list":["post-234","page","type-page","status-publish","hentry"],"acf":[],"_links":{"self":[{"href":"https:\/\/comforthostel.com\/es\/wp-json\/wp\/v2\/pages\/234","targetHints":{"allow":["GET"]}}],"collection":[{"href":"https:\/\/comforthostel.com\/es\/wp-json\/wp\/v2\/pages"}],"about":[{"href":"https:\/\/comforthostel.com\/es\/wp-json\/wp\/v2\/types\/page"}],"author":[{"embeddable":true,"href":"https:\/\/comforthostel.com\/es\/wp-json\/wp\/v2\/users\/1"}],"replies":[{"embeddable":true,"href":"https:\/\/comforthostel.com\/es\/wp-json\/wp\/v2\/comments?post=234"}],"version-history":[{"count":2,"href":"https:\/\/comforthostel.com\/es\/wp-json\/wp\/v2\/pages\/234\/revisions"}],"predecessor-version":[{"id":464,"href":"https:\/\/comforthostel.com\/es\/wp-json\/wp\/v2\/pages\/234\/revisions\/464"}],"up":[{"embeddable":true,"href":"https:\/\/comforthostel.com\/es\/wp-json\/wp\/v2\/pages\/225"}],"wp:attachment":[{"href":"https:\/\/comforthostel.com\/es\/wp-json\/wp\/v2\/media?parent=234"}],"curies":[{"name":"wp","href":"https:\/\/api.w.org\/{rel}","templated":true}]}}