{"id":246,"date":"2014-04-28T17:41:40","date_gmt":"2014-04-28T17:41:40","guid":{"rendered":"http:\/\/web.pixmenta.net\/comfort\/?page_id=246"},"modified":"2018-08-23T22:48:38","modified_gmt":"2018-08-23T22:48:38","slug":"instalaciones","status":"publish","type":"page","link":"https:\/\/comforthostel.com\/es\/instalaciones\/","title":{"rendered":"Instalaciones"},"content":{"rendered":"<p>Al ingresar a\u00a0 Comfort Hostel inicia una experiencia de confort haciendo honor a nuestro nombre, brindando a nuestros hu\u00e9spedes una experiencia \u00fanica, acogedora y personalizada para disfrutar de una estad\u00eda relajante.<\/p>\n<p>Cada rinc\u00f3n de Comfort Hostel ha sido cuidadosamente dise\u00f1ado de acuerdo a las necesidades de nuestros hu\u00e9spedes.<\/p>\n<p>Nuestro objetivo es brindarles una estad\u00eda placentera, c\u00f3moda, acogedora y hacerlos sentir como en casa. En nuestro comedor servimos nuestros desayunos, ofrecemos el servicio de almuerzos y cenas a la carta con un costo adicional<\/p>\n<p>El personal de Comfort Hostel esta comprometido en brindarles el mejor servicio personalizado, En la tarifa se incluyen los servicios como wifi en todas las instalaciones, desayuno, ba\u00f1o privado, cajilla de seguridad, servicio de despertador, una peque\u00f1a sala,\u00a0\u00e1rea verde y\/o \u00e1rea de fumadores.<\/p>\n","protected":false},"excerpt":{"rendered":"<p>Al ingresar a\u00a0 Comfort Hostel inicia una experiencia de confort haciendo honor a nuestro nombre, brindando a nuestros hu\u00e9spedes una experiencia \u00fanica, acogedora y personalizada para disfrutar de una estad\u00eda relajante. Cada rinc\u00f3n de Comfort Hostel ha sido cuidadosamente dise\u00f1ado &hellip; <a href=\"https:\/\/comforthostel.com\/es\/instalaciones\/\">Continued<\/a><\/p>\n","protected":false},"author":1,"featured_media":0,"parent":0,"menu_order":0,"comment_status":"open","ping_status":"closed","template":"template-rooms.php","meta":{"_acf_changed":false,"footnotes":""},"class_list":["post-246","page","type-page","status-publish","hentry"],"acf":[],"_links":{"self":[{"href":"https:\/\/comforthostel.com\/es\/wp-json\/wp\/v2\/pages\/246","targetHints":{"allow":["GET"]}}],"collection":[{"href":"https:\/\/comforthostel.com\/es\/wp-json\/wp\/v2\/pages"}],"about":[{"href":"https:\/\/comforthostel.com\/es\/wp-json\/wp\/v2\/types\/page"}],"author":[{"embeddable":true,"href":"https:\/\/comforthostel.com\/es\/wp-json\/wp\/v2\/users\/1"}],"replies":[{"embeddable":true,"href":"https:\/\/comforthostel.com\/es\/wp-json\/wp\/v2\/comments?post=246"}],"version-history":[{"count":8,"href":"https:\/\/comforthostel.com\/es\/wp-json\/wp\/v2\/pages\/246\/revisions"}],"predecessor-version":[{"id":862,"href":"https:\/\/comforthostel.com\/es\/wp-json\/wp\/v2\/pages\/246\/revisions\/862"}],"wp:attachment":[{"href":"https:\/\/comforthostel.com\/es\/wp-json\/wp\/v2\/media?parent=246"}],"curies":[{"name":"wp","href":"https:\/\/api.w.org\/{rel}","templated":true}]}}