{"id":248,"date":"2014-04-28T17:43:20","date_gmt":"2014-04-28T17:43:20","guid":{"rendered":"http:\/\/web.pixmenta.net\/comfort\/?page_id=248"},"modified":"2018-08-25T05:51:57","modified_gmt":"2018-08-25T05:51:57","slug":"galeria","status":"publish","type":"page","link":"https:\/\/comforthostel.com\/es\/galeria\/","title":{"rendered":"Galeria"},"content":{"rendered":"<p>En cuanto cruza las puertas de Comfort Hostel inicia una experiencia de confort haciendo honor a nuestro nombre, brindando a nuestros hu\u00e9spedes una experiencia \u00fanica, acogedora y personalizada para disfrutar de una estad\u00eda relajante.<\/p>\n","protected":false},"excerpt":{"rendered":"<p>En cuanto cruza las puertas de Comfort Hostel inicia una experiencia de confort haciendo honor a nuestro nombre, brindando a nuestros hu\u00e9spedes una experiencia \u00fanica, acogedora y personalizada para disfrutar de una estad\u00eda relajante.<\/p>\n","protected":false},"author":1,"featured_media":0,"parent":0,"menu_order":0,"comment_status":"open","ping_status":"closed","template":"template-rooms.php","meta":{"_acf_changed":false,"footnotes":""},"class_list":["post-248","page","type-page","status-publish","hentry"],"acf":[],"_links":{"self":[{"href":"https:\/\/comforthostel.com\/es\/wp-json\/wp\/v2\/pages\/248","targetHints":{"allow":["GET"]}}],"collection":[{"href":"https:\/\/comforthostel.com\/es\/wp-json\/wp\/v2\/pages"}],"about":[{"href":"https:\/\/comforthostel.com\/es\/wp-json\/wp\/v2\/types\/page"}],"author":[{"embeddable":true,"href":"https:\/\/comforthostel.com\/es\/wp-json\/wp\/v2\/users\/1"}],"replies":[{"embeddable":true,"href":"https:\/\/comforthostel.com\/es\/wp-json\/wp\/v2\/comments?post=248"}],"version-history":[{"count":2,"href":"https:\/\/comforthostel.com\/es\/wp-json\/wp\/v2\/pages\/248\/revisions"}],"predecessor-version":[{"id":577,"href":"https:\/\/comforthostel.com\/es\/wp-json\/wp\/v2\/pages\/248\/revisions\/577"}],"wp:attachment":[{"href":"https:\/\/comforthostel.com\/es\/wp-json\/wp\/v2\/media?parent=248"}],"curies":[{"name":"wp","href":"https:\/\/api.w.org\/{rel}","templated":true}]}}