{"id":501,"date":"2014-05-14T20:40:26","date_gmt":"2014-05-14T20:40:26","guid":{"rendered":"http:\/\/comforthostel.com\/?page_id=501"},"modified":"2025-04-10T00:44:35","modified_gmt":"2025-04-10T00:44:35","slug":"reserva","status":"publish","type":"page","link":"https:\/\/comforthostel.com\/es\/reserva\/","title":{"rendered":"Reserva"},"content":{"rendered":"<p>Para efectuar su reservaci\u00f3n favor contactarnos v\u00eda telef\u00f3nica o enviarnos un e-mail<\/p>\n<p>Reservaciones:\u00a0<a href=\"mailto:reservations@comforthostel.com\">reservations@comforthostel.com<\/a><\/p>\n<p>Para m\u00e1s informaci\u00f3n:\u00a0<a href=\"mailto:info@comforthostel.com\">info@comforthostel.com<\/a><\/p>\n<p>TEL\u00c9FONO: (502) 2219 3131<\/p>\n<p>WHATSAPP:+502 3017 6368<\/p>\n","protected":false},"excerpt":{"rendered":"<p>Para efectuar su reservaci\u00f3n favor contactarnos v\u00eda telef\u00f3nica o enviarnos un e-mail Reservaciones:\u00a0reservations@comforthostel.com Para m\u00e1s informaci\u00f3n:\u00a0info@comforthostel.com TEL\u00c9FONO: (502) 2219 3131 WHATSAPP:+502 3017 6368<\/p>\n","protected":false},"author":1,"featured_media":0,"parent":0,"menu_order":0,"comment_status":"open","ping_status":"open","template":"template-reserva.php","meta":{"_acf_changed":false,"footnotes":""},"class_list":["post-501","page","type-page","status-publish","hentry"],"acf":[],"_links":{"self":[{"href":"https:\/\/comforthostel.com\/es\/wp-json\/wp\/v2\/pages\/501","targetHints":{"allow":["GET"]}}],"collection":[{"href":"https:\/\/comforthostel.com\/es\/wp-json\/wp\/v2\/pages"}],"about":[{"href":"https:\/\/comforthostel.com\/es\/wp-json\/wp\/v2\/types\/page"}],"author":[{"embeddable":true,"href":"https:\/\/comforthostel.com\/es\/wp-json\/wp\/v2\/users\/1"}],"replies":[{"embeddable":true,"href":"https:\/\/comforthostel.com\/es\/wp-json\/wp\/v2\/comments?post=501"}],"version-history":[{"count":9,"href":"https:\/\/comforthostel.com\/es\/wp-json\/wp\/v2\/pages\/501\/revisions"}],"predecessor-version":[{"id":1391,"href":"https:\/\/comforthostel.com\/es\/wp-json\/wp\/v2\/pages\/501\/revisions\/1391"}],"wp:attachment":[{"href":"https:\/\/comforthostel.com\/es\/wp-json\/wp\/v2\/media?parent=501"}],"curies":[{"name":"wp","href":"https:\/\/api.w.org\/{rel}","templated":true}]}}