{"id":604,"date":"2014-06-05T20:45:03","date_gmt":"2014-06-05T20:45:03","guid":{"rendered":"http:\/\/comforthostel.com\/?page_id=604"},"modified":"2026-03-03T04:58:20","modified_gmt":"2026-03-03T04:58:20","slug":"tarifas","status":"publish","type":"page","link":"https:\/\/comforthostel.com\/es\/tarifas\/","title":{"rendered":"Tarifas"},"content":{"rendered":"<p>Habitaci\u00f3n sencilla tiene un costo de Q.440.00 por noche (1 persona)<\/p>\n<p>Habitaci\u00f3n doble tiene un costo de Q.656.00 por noche<\/p>\n<p>Habitaci\u00f3n triple tiene un costo de Q.870.00 por noche<\/p>\n<p>Habitaci\u00f3n cu\u00e1druple tiene un costo de Q.1,320.00 por noche<\/p>\n<p>Habitaci\u00f3n para 5 personas tiene un costo de Q.1,550.00 por noche<\/p>\n<p>Todas nuestras tarifas incluyen desayuno, impuestos, wifi y parqueo con previo aviso.<\/p>\n","protected":false},"excerpt":{"rendered":"<p>Habitaci\u00f3n sencilla tiene un costo de Q.440.00 por noche (1 persona) Habitaci\u00f3n doble tiene un costo de Q.656.00 por noche Habitaci\u00f3n triple tiene un costo de Q.870.00 por noche Habitaci\u00f3n cu\u00e1druple tiene un costo de Q.1,320.00 por noche Habitaci\u00f3n para &hellip; <a href=\"https:\/\/comforthostel.com\/es\/tarifas\/\">Continued<\/a><\/p>\n","protected":false},"author":1,"featured_media":0,"parent":0,"menu_order":0,"comment_status":"open","ping_status":"open","template":"","meta":{"_acf_changed":false,"footnotes":""},"class_list":["post-604","page","type-page","status-publish","hentry"],"acf":[],"_links":{"self":[{"href":"https:\/\/comforthostel.com\/es\/wp-json\/wp\/v2\/pages\/604","targetHints":{"allow":["GET"]}}],"collection":[{"href":"https:\/\/comforthostel.com\/es\/wp-json\/wp\/v2\/pages"}],"about":[{"href":"https:\/\/comforthostel.com\/es\/wp-json\/wp\/v2\/types\/page"}],"author":[{"embeddable":true,"href":"https:\/\/comforthostel.com\/es\/wp-json\/wp\/v2\/users\/1"}],"replies":[{"embeddable":true,"href":"https:\/\/comforthostel.com\/es\/wp-json\/wp\/v2\/comments?post=604"}],"version-history":[{"count":13,"href":"https:\/\/comforthostel.com\/es\/wp-json\/wp\/v2\/pages\/604\/revisions"}],"predecessor-version":[{"id":1417,"href":"https:\/\/comforthostel.com\/es\/wp-json\/wp\/v2\/pages\/604\/revisions\/1417"}],"wp:attachment":[{"href":"https:\/\/comforthostel.com\/es\/wp-json\/wp\/v2\/media?parent=604"}],"curies":[{"name":"wp","href":"https:\/\/api.w.org\/{rel}","templated":true}]}}